{"id":303,"date":"2026-04-02T13:32:56","date_gmt":"2026-04-02T11:32:56","guid":{"rendered":"https:\/\/kszk.pl\/?page_id=303"},"modified":"2026-04-02T13:51:02","modified_gmt":"2026-04-02T11:51:02","slug":"wplyw-zmian-podatkowych-na-sytuacje-finansowa-gospodarstw-domowych-i-przedsiebiorcow","status":"publish","type":"page","link":"https:\/\/kszk.pl\/?page_id=303","title":{"rendered":"Ankieta: Wp\u0142yw zmian podatkowych na sytuacj\u0119 finansow\u0105 gospodarstw domowych i przedsi\u0119biorc\u00f3w"},"content":{"rendered":"","protected":false},"excerpt":{"rendered":"","protected":false},"author":2,"featured_media":0,"parent":0,"menu_order":0,"comment_status":"closed","ping_status":"closed","template":"","meta":{"footnotes":""},"class_list":["post-303","page","type-page","status-publish","hentry"],"rttpg_featured_image_url":null,"rttpg_author":{"display_name":"Maciej Wa\u0142\u0119sa","author_link":"https:\/\/kszk.pl\/?author=2"},"rttpg_comment":0,"rttpg_category":null,"rttpg_excerpt":null,"_links":{"self":[{"href":"https:\/\/kszk.pl\/index.php?rest_route=\/wp\/v2\/pages\/303","targetHints":{"allow":["GET"]}}],"collection":[{"href":"https:\/\/kszk.pl\/index.php?rest_route=\/wp\/v2\/pages"}],"about":[{"href":"https:\/\/kszk.pl\/index.php?rest_route=\/wp\/v2\/types\/page"}],"author":[{"embeddable":true,"href":"https:\/\/kszk.pl\/index.php?rest_route=\/wp\/v2\/users\/2"}],"replies":[{"embeddable":true,"href":"https:\/\/kszk.pl\/index.php?rest_route=%2Fwp%2Fv2%2Fcomments&post=303"}],"version-history":[{"count":2,"href":"https:\/\/kszk.pl\/index.php?rest_route=\/wp\/v2\/pages\/303\/revisions"}],"predecessor-version":[{"id":314,"href":"https:\/\/kszk.pl\/index.php?rest_route=\/wp\/v2\/pages\/303\/revisions\/314"}],"wp:attachment":[{"href":"https:\/\/kszk.pl\/index.php?rest_route=%2Fwp%2Fv2%2Fmedia&parent=303"}],"curies":[{"name":"wp","href":"https:\/\/api.w.org\/{rel}","templated":true}]}}