{"id":200,"date":"2025-10-02T09:35:42","date_gmt":"2025-10-02T07:35:42","guid":{"rendered":"https:\/\/kszk.pl\/?page_id=200"},"modified":"2025-10-02T09:35:42","modified_gmt":"2025-10-02T07:35:42","slug":"badanie-fokusowe-znajomosc-podstawowych-pojec-ksiegowych","status":"publish","type":"page","link":"https:\/\/kszk.pl\/?page_id=200","title":{"rendered":"Badanie fokusowe \u2013 \u201eZnajomo\u015b\u0107 podstawowych poj\u0119\u0107 ksi\u0119gowych\u201d"},"content":{"rendered":"","protected":false},"excerpt":{"rendered":"","protected":false},"author":2,"featured_media":0,"parent":0,"menu_order":0,"comment_status":"closed","ping_status":"closed","template":"","meta":{"footnotes":""},"class_list":["post-200","page","type-page","status-publish","hentry"],"rttpg_featured_image_url":null,"rttpg_author":{"display_name":"Maciej Wa\u0142\u0119sa","author_link":"https:\/\/kszk.pl\/?author=2"},"rttpg_comment":0,"rttpg_category":null,"rttpg_excerpt":null,"_links":{"self":[{"href":"https:\/\/kszk.pl\/index.php?rest_route=\/wp\/v2\/pages\/200","targetHints":{"allow":["GET"]}}],"collection":[{"href":"https:\/\/kszk.pl\/index.php?rest_route=\/wp\/v2\/pages"}],"about":[{"href":"https:\/\/kszk.pl\/index.php?rest_route=\/wp\/v2\/types\/page"}],"author":[{"embeddable":true,"href":"https:\/\/kszk.pl\/index.php?rest_route=\/wp\/v2\/users\/2"}],"replies":[{"embeddable":true,"href":"https:\/\/kszk.pl\/index.php?rest_route=%2Fwp%2Fv2%2Fcomments&post=200"}],"version-history":[{"count":2,"href":"https:\/\/kszk.pl\/index.php?rest_route=\/wp\/v2\/pages\/200\/revisions"}],"predecessor-version":[{"id":206,"href":"https:\/\/kszk.pl\/index.php?rest_route=\/wp\/v2\/pages\/200\/revisions\/206"}],"wp:attachment":[{"href":"https:\/\/kszk.pl\/index.php?rest_route=%2Fwp%2Fv2%2Fmedia&parent=200"}],"curies":[{"name":"wp","href":"https:\/\/api.w.org\/{rel}","templated":true}]}}