{"id":179,"date":"2025-10-02T09:35:46","date_gmt":"2025-10-02T07:35:46","guid":{"rendered":"https:\/\/kszk.pl\/?page_id=179"},"modified":"2025-10-02T09:35:46","modified_gmt":"2025-10-02T07:35:46","slug":"badanie-fokusowe-zrozumialosc-zmian-w-przepisach-podatkowych","status":"publish","type":"page","link":"https:\/\/kszk.pl\/?page_id=179","title":{"rendered":"Badanie fokusowe \u2013 \u201eZrozumia\u0142o\u015b\u0107 zmian w przepisach podatkowych\u201d"},"content":{"rendered":"","protected":false},"excerpt":{"rendered":"","protected":false},"author":2,"featured_media":0,"parent":0,"menu_order":0,"comment_status":"closed","ping_status":"closed","template":"","meta":{"footnotes":""},"class_list":["post-179","page","type-page","status-publish","hentry"],"rttpg_featured_image_url":null,"rttpg_author":{"display_name":"Maciej Wa\u0142\u0119sa","author_link":"https:\/\/kszk.pl\/?author=2"},"rttpg_comment":0,"rttpg_category":null,"rttpg_excerpt":null,"_links":{"self":[{"href":"https:\/\/kszk.pl\/index.php?rest_route=\/wp\/v2\/pages\/179","targetHints":{"allow":["GET"]}}],"collection":[{"href":"https:\/\/kszk.pl\/index.php?rest_route=\/wp\/v2\/pages"}],"about":[{"href":"https:\/\/kszk.pl\/index.php?rest_route=\/wp\/v2\/types\/page"}],"author":[{"embeddable":true,"href":"https:\/\/kszk.pl\/index.php?rest_route=\/wp\/v2\/users\/2"}],"replies":[{"embeddable":true,"href":"https:\/\/kszk.pl\/index.php?rest_route=%2Fwp%2Fv2%2Fcomments&post=179"}],"version-history":[{"count":1,"href":"https:\/\/kszk.pl\/index.php?rest_route=\/wp\/v2\/pages\/179\/revisions"}],"predecessor-version":[{"id":194,"href":"https:\/\/kszk.pl\/index.php?rest_route=\/wp\/v2\/pages\/179\/revisions\/194"}],"wp:attachment":[{"href":"https:\/\/kszk.pl\/index.php?rest_route=%2Fwp%2Fv2%2Fmedia&parent=179"}],"curies":[{"name":"wp","href":"https:\/\/api.w.org\/{rel}","templated":true}]}}